{"id":4,"date":"2013-10-21T15:01:02","date_gmt":"2013-10-21T15:01:02","guid":{"rendered":"http:\/\/edelstahl.menschen-mit-zukunft.at\/?page_id=4"},"modified":"2024-05-16T15:35:12","modified_gmt":"2024-05-16T13:35:12","slug":"home","status":"publish","type":"page","link":"https:\/\/edelstahl.menschen-mit-zukunft.at\/home\/home\/","title":{"rendered":"KARNER EDELSTAHL"},"content":{"rendered":"<h1 class=\"blue_shadow\">Herzlich Willkommen<br \/>\nbei\u00a0 KARNER <span class=\"textTransform\"> EDELSTAHL<\/span><\/h1>\n<p><span class=\"textTransform\">EDELSTAHL<\/span> Gel\u00e4nder &amp; Treppen geschwei\u00dft in h\u00f6chster Qualit\u00e4t.<\/p>\n<p>Profitieren Sie von meiner<\/p>\n<ul>\n<li><strong>langj\u00e4hrigen Erfahrung in der Beratung<\/strong><\/li>\n<li><strong>detailgenauen Planung<\/strong><\/li>\n<li class=\"bold\"><strong>sorgf\u00e4ltigen Fertigung<\/strong><\/li>\n<li class=\"bold\"><strong>pr\u00e4zisen Montage<\/strong><\/li>\n<\/ul>\n<p><span class=\"textTransform\">EDELSTAHL<\/span> pflegeleicht und hochwertig in Verbindung mit Glas, Lochblech, Holz, Farbe und Alu.<\/p>\n<p><span class=\"textTransform\">EDELSTAHL<\/span> geschwei\u00dft in individuellen Ausf\u00fchrungen &amp; Design.<\/p>\n<p><strong>Machen Sie sich selbst ein Bild.<\/strong><br \/>\nAuf den folgenden Seiten erwartet Sie eine Auswahl meiner Arbeiten.<\/p>\n","protected":false},"excerpt":{"rendered":"<p>Herzlich Willkommen bei\u00a0 KARNER EDELSTAHL EDELSTAHL Gel\u00e4nder &amp; Treppen geschwei\u00dft in h\u00f6chster Qualit\u00e4t. Profitieren Sie von meiner langj\u00e4hrigen Erfahrung in der Beratung detailgenauen Planung sorgf\u00e4ltigen Fertigung pr\u00e4zisen Montage EDELSTAHL pflegeleicht und hochwertig in Verbindung mit Glas, Lochblech, Holz, Farbe und &hellip; <a href=\"https:\/\/edelstahl.menschen-mit-zukunft.at\/home\/home\/\">Weiterlesen <span class=\"meta-nav\">&rarr;<\/span><\/a><\/p>\n","protected":false},"author":1,"featured_media":0,"parent":0,"menu_order":0,"comment_status":"closed","ping_status":"open","template":"","meta":{"footnotes":""},"class_list":["post-4","page","type-page","status-publish","hentry"],"aioseo_notices":[],"_links":{"self":[{"href":"https:\/\/edelstahl.menschen-mit-zukunft.at\/home\/wp-json\/wp\/v2\/pages\/4","targetHints":{"allow":["GET"]}}],"collection":[{"href":"https:\/\/edelstahl.menschen-mit-zukunft.at\/home\/wp-json\/wp\/v2\/pages"}],"about":[{"href":"https:\/\/edelstahl.menschen-mit-zukunft.at\/home\/wp-json\/wp\/v2\/types\/page"}],"author":[{"embeddable":true,"href":"https:\/\/edelstahl.menschen-mit-zukunft.at\/home\/wp-json\/wp\/v2\/users\/1"}],"replies":[{"embeddable":true,"href":"https:\/\/edelstahl.menschen-mit-zukunft.at\/home\/wp-json\/wp\/v2\/comments?post=4"}],"version-history":[{"count":44,"href":"https:\/\/edelstahl.menschen-mit-zukunft.at\/home\/wp-json\/wp\/v2\/pages\/4\/revisions"}],"predecessor-version":[{"id":673,"href":"https:\/\/edelstahl.menschen-mit-zukunft.at\/home\/wp-json\/wp\/v2\/pages\/4\/revisions\/673"}],"wp:attachment":[{"href":"https:\/\/edelstahl.menschen-mit-zukunft.at\/home\/wp-json\/wp\/v2\/media?parent=4"}],"curies":[{"name":"wp","href":"https:\/\/api.w.org\/{rel}","templated":true}]}}